{"id":1995,"date":"2021-07-11T00:11:23","date_gmt":"2021-07-11T00:11:23","guid":{"rendered":"http:\/\/promanconsulting.hu\/?page_id=1995"},"modified":"2024-07-16T08:05:39","modified_gmt":"2024-07-16T08:05:39","slug":"asf","status":"publish","type":"page","link":"https:\/\/promanconsulting.hu\/en\/aszf\/","title":{"rendered":"GTC"},"content":{"rendered":"\t\t<div data-elementor-type=\"wp-page\" data-elementor-id=\"1995\" class=\"elementor elementor-1995\" data-elementor-settings=\"{&quot;ha_cmc_init_switcher&quot;:&quot;no&quot;}\" data-elementor-post-type=\"page\">\n\t\t\t\t\t\t<section class=\"elementor-section elementor-top-section elementor-element elementor-element-ecae1d0 elementor-section-boxed elementor-section-height-default elementor-section-height-default\" data-id=\"ecae1d0\" data-element_type=\"section\" data-e-type=\"section\" data-settings=\"{&quot;jet_parallax_layout_list&quot;:[{&quot;jet_parallax_layout_image&quot;:{&quot;url&quot;:&quot;&quot;,&quot;id&quot;:&quot;&quot;,&quot;size&quot;:&quot;&quot;},&quot;_id&quot;:&quot;afc40b1&quot;,&quot;jet_parallax_layout_image_tablet&quot;:{&quot;url&quot;:&quot;&quot;,&quot;id&quot;:&quot;&quot;,&quot;size&quot;:&quot;&quot;},&quot;jet_parallax_layout_image_mobile&quot;:{&quot;url&quot;:&quot;&quot;,&quot;id&quot;:&quot;&quot;,&quot;size&quot;:&quot;&quot;},&quot;jet_parallax_layout_speed&quot;:{&quot;unit&quot;:&quot;%&quot;,&quot;size&quot;:50,&quot;sizes&quot;:[]},&quot;jet_parallax_layout_type&quot;:&quot;scroll&quot;,&quot;jet_parallax_layout_direction&quot;:&quot;1&quot;,&quot;jet_parallax_layout_fx_direction&quot;:null,&quot;jet_parallax_layout_z_index&quot;:&quot;&quot;,&quot;jet_parallax_layout_bg_x&quot;:50,&quot;jet_parallax_layout_bg_x_tablet&quot;:&quot;&quot;,&quot;jet_parallax_layout_bg_x_mobile&quot;:&quot;&quot;,&quot;jet_parallax_layout_bg_y&quot;:50,&quot;jet_parallax_layout_bg_y_tablet&quot;:&quot;&quot;,&quot;jet_parallax_layout_bg_y_mobile&quot;:&quot;&quot;,&quot;jet_parallax_layout_bg_size&quot;:&quot;auto&quot;,&quot;jet_parallax_layout_bg_size_tablet&quot;:&quot;&quot;,&quot;jet_parallax_layout_bg_size_mobile&quot;:&quot;&quot;,&quot;jet_parallax_layout_animation_prop&quot;:&quot;transform&quot;,&quot;jet_parallax_layout_on&quot;:[&quot;desktop&quot;,&quot;tablet&quot;]}],&quot;_ha_eqh_enable&quot;:false}\">\n\t\t\t\t\t\t<div class=\"elementor-container elementor-column-gap-default\">\n\t\t\t\t\t<div class=\"elementor-column elementor-col-100 elementor-top-column elementor-element elementor-element-2a99c334\" data-id=\"2a99c334\" data-element_type=\"column\" data-e-type=\"column\">\n\t\t\t<div class=\"elementor-widget-wrap elementor-element-populated\">\n\t\t\t\t\t\t<div class=\"elementor-element elementor-element-695274d2 elementor-widget elementor-widget-text-editor\" data-id=\"695274d2\" data-element_type=\"widget\" data-e-type=\"widget\" data-widget_type=\"text-editor.default\">\n\t\t\t\t<div class=\"elementor-widget-container\">\n\t\t\t\t\t\t\t\t\t<p><\/p>\n<h1 class=\"wp-block-heading\"><strong>\u00c1ltal\u00e1nos szerz\u0151d\u00e9si felt\u00e9telek<\/strong><\/h1>\n<p>T\u00e1j\u00e9koztatjuk, hogy \u00d6n mint megrendel\u0151 a https:\/\/promanconsulting.hu c\u00edmen el\u00e9rhet\u0151 honlap haszn\u00e1lat\u00e1val kinyilv\u00e1n\u00edtja, hogy ismeri \u00e9s elfogadja, az al\u00e1bbi, a Ptk. (2013. \u00e9vi V. t\u00f6rv\u00e9ny) 6:77-6:81.\u00a7 alapj\u00e1n meg\u00edrt \u00e1ltal\u00e1nos szerz\u0151d\u00e9si felt\u00e9teleket. K\u00e9rj\u00fck, amennyiben v\u00e1s\u00e1rl\u00f3ja, illetve akt\u00edv haszn\u00e1l\u00f3ja k\u00edv\u00e1n lenni a honlapunk \u00e1ltal k\u00edn\u00e1lt lehet\u0151s\u00e9geknek, figyelmesen olvassa el az \u00c1ltal\u00e1nos Szerz\u0151d\u00e9si Felt\u00e9teleinket \u00e9s kiz\u00e1r\u00f3lag abban az esetben vegye ig\u00e9nybe szolg\u00e1ltat\u00e1sainkat, amennyiben minden pontj\u00e1val egyet\u00e9rt, \u00e9s azokat k\u00f6telez\u0151 \u00e9rv\u00e9ny\u0171nek tekinti mag\u00e1ra n\u00e9zve.<\/p><p><span style=\"font-family: Montserrat, sans-serif; font-size: 16px; font-style: normal; font-variant-ligatures: normal; font-variant-caps: normal; font-weight: 400;\">C\u00e9g\u00fcnk enged\u00e9lyezett feln\u0151ttk\u00e9pz\u0151k\u00e9nt a k\u00e9pz\u00e9seket k\u00e9pz\u00e9si program alapj\u00e1n val\u00f3s\u00edtja meg. Enged\u00e9lyhez k\u00f6t\u00f6tt k\u00e9pz\u00e9seket csak kihelyezett, testreszabott form\u00e1ban val\u00f3s\u00edtunk meg. K\u00e9pz\u00e9si programjainkkal kapcsolatban k\u00e9rj\u00fck \u00e9rdekl\u0151dj\u00f6n a k\u00f6zponti el\u00e9rhet\u0151s\u00e9geinken, k\u00e9r\u00e9sre a k\u00e9pz\u00e9si programokat megk\u00fcldj\u00fck \u00fcgyfeleinknek.&nbsp;<\/span><br><\/p>\n<p>Jelen dokumentum, kiz\u00e1r\u00f3lag elektronikus form\u00e1ban ker\u00fcl megk\u00f6t\u00e9sre. Az al\u00e1bbi felt\u00e9telekkel szab\u00e1lyozott szerz\u0151d\u00e9s a Ptk. szerint t\u00e1vollev\u0151k k\u00f6z\u00f6tt l\u00e9trej\u00f6tt szerz\u0151d\u00e9snek min\u0151s\u00fcl.<\/p>\n<h2><strong>1. Szolg\u00e1ltat\u00f3 adatai:<\/strong><\/h2>\n<p>ProMan Consulting Kft.<br>Sz\u00e9khely: 1221 Budapest, Tan\u00edt\u00f3 u. 15\/1a.<br>Telephely: 1118 Budapest, Kelenhegyi \u00fat 29\/b.<br>C\u00e9gjegyz\u00e9ksz\u00e1m: 01-09-293715<br>Ad\u00f3sz\u00e1m: 25872448-2-43<br>Lev\u00e9lc\u00edm: 1221 Budapest, Tan\u00edt\u00f3 u. 15\/1a.<br>Telefon: +36&nbsp;<span style=\"caret-color: #000000; color: #000000; font-style: normal; font-variant-caps: normal;\"><span dir=\"ltr\">20 333 0386<\/span><\/span><br>Email: info@promanconsulting.hu<br>Web: https:\/\/promanconsulting.hu<\/p>\n<p>Szerver\u00fczemeltet\u00e9s: DesignABC &#8211; Bartal P\u00e9ter ev.<\/p>\n<h2><strong>2. Szolg\u00e1ltat\u00e1sok k\u00f6re<\/strong><\/h2>\n<p>Jelen honlapon projektmenedzsment \u00e9s \u00fczleti workshopokra, tr\u00e9ningekre \u00e9s egy\u00e9b szakmai programokra \u00e9s tan\u00e1csad\u00e1si szolg\u00e1ltat\u00e1sokra van lehet\u0151s\u00e9g jelentkezni, vagy azok ir\u00e1nt \u00e9rdekl\u0151dni.<\/p>\n<h2><strong>3. Szerz\u0151i jogok<br><\/strong><\/h2>\n<p>3.1 A programok sor\u00e1n biztos\u00edtott handoutok \u00e9s egy\u00e9b szakmai dokumentumok kiz\u00e1r\u00f3lag a ProMan Consulting Kft. tulajdona, azok harmadik f\u00e9lre \u00e1t nem ruh\u00e1zhat\u00f3k \u00e9s kiz\u00e1r\u00f3lag jelentkez\u0151 saj\u00e1t szakmai fejleszt\u00e9s\u00e9re haszn\u00e1lhat\u00f3k fel.<\/p>\n<p>3.2 A fentiek (3.1) bizony\u00edthat\u00f3 megs\u00e9rt\u00e9se eset\u00e9n Szolg\u00e1ltat\u00f3 az okozott k\u00e1rok megt\u00e9r\u00edt\u00e9s\u00e9t k\u00f6vetelheti a Jelentkez\u0151 ir\u00e1ny\u00e1ba.<\/p>\n<h2><strong>4. \u00c9rdekl\u0151d\u00e9s, annak menete<br><\/strong><\/h2>\n<p>4.1 A ProMan Consulting Kft. \u00e1ltal meghirdetett ny\u00edlt programok ir\u00e1nt val\u00f3 \u00e9rdekl\u0151d\u00e9s c\u00e9lj\u00e1b\u00f3l kit\u00f6lt\u00f6tt \u0171rlap semmif\u00e9le rendel\u00e9si k\u00f6telezetts\u00e9get nem jelent a l\u00e1togat\u00f3 sz\u00e1m\u00e1ra.<\/p>\n<p>4.2 Az \u00e9rdekl\u0151d\u00e9s elk\u00fcld\u00e9s\u00e9vel a ProMan Consulting Kft.-nak nem \u00e1ll m\u00f3dj\u00e1ban helyeket fenntartani, \u00edgy ez \u00f6nmag\u00e1ban nem min\u0151s\u00fcl sem megrendel\u00e9snek, sem szerz\u0151d\u00e9snek.<\/p>\n<p>4.3 Az \u00e9rdekl\u0151d\u00e9s c\u00edmen val\u00f3 kapcsolatfelv\u00e9telt az egyes szolg\u00e1ltat\u00e1si aloldalak \u0171rlapj\u00e1n van lehet\u0151s\u00e9g jelezni a kit\u00f6lt\u00e9s c\u00e9lja mez\u0151n kereszt\u00fcl.<\/p>\n<h2><strong>5. Jelentkez\u00e9s, annak menete<\/strong><\/h2>\n<p>5.1 A ProMan Consulting Kft. \u00e1ltal meghirdetett ny\u00edlt programokon a jelentkez\u00e9s elk\u00fcld\u00e9s\u00e9t k\u00f6vet\u0151 visszaigazol\u00e1st k\u00f6vet\u0151en van lehet\u0151s\u00e9g r\u00e9szt venni. A jelentkez\u00e9s a szolg\u00e1ltat\u00e1sok aloldalain tal\u00e1lhat\u00f3 \u0171rlapok kit\u00f6lt\u00e9s c\u00e9lja mez\u0151n jelezhet\u0151.<\/p>\n<p>5.2 A jelentkez\u00e9ssel a jelentkez\u0151 v\u00e1llalja, hogy a ki\u00e1ll\u00edtott sz\u00e1ml\u00e1t a programot k\u00f6vet\u0151en k\u00e9zhezv\u00e9telt\u0151l sz\u00e1m\u00edtott 8 napt\u00e1ri napon bel\u00fcl \u00e1tutal\u00e1ssal kifizeti. Kiv\u00e9telt k\u00e9pez ez al\u00f3l szerz\u0151d\u00e9sben r\u00f6gz\u00edtett egyedi meg\u00e1llapod\u00e1s esete.<\/p>\n<p>5.3 Amennyiben a jelentkez\u0151 a programot megel\u0151z\u0151 10 napt\u00e1ri napon bel\u00fcl a r\u00e9szv\u00e9telt lemondja, \u00fagy elfogadja, hogy a ProMan Consulting Kft. a program d\u00edj\u00e1nak legfeljebb 30%-\u00e1t kitev\u0151 lemond\u00e1si d\u00edjat sz\u00e1ml\u00e1zhat ki. Ez al\u00f3l abban az esetben felment\u00e9st kap a Jelentkez\u0151, ha a jelentkez\u00e9st a k\u00f6vetkez\u0151 meghirdetett id\u0151pontra halasztja.<\/p>\n<p>5.4 A r\u00e9szv\u00e9teli d\u00edjak ny\u00edlt, tantermi k\u00e9pz\u00e9sek eset\u00e9n tartalmazz\u00e1k a teremb\u00e9rlet \u00e9s bek\u00e9sz\u00edt\u00e9s d\u00edj\u00e1t is, eg\u00e9sz napos program eset\u00e9n az eb\u00e9det is a ProMan Consulting Kft. biztos\u00edtja. Online, t\u00e1voktat\u00e1s\u00fa programok eset\u00e9n a csatlakoz\u00e1shoz sz\u00fcks\u00e9ges linket \u00e9s platformot a ProMan Consulting Kft. biztos\u00edtja<\/p>\n<p>5.5 Amennyiben a ProMan Consulting Kft. hib\u00e1s \u00e1rat t\u00fcntet fel a szolg\u00e1ltat\u00e1s mellett, a t\u0151le elv\u00e1rhat\u00f3 gondoss\u00e1g ellen\u00e9re, \u00e9s a szolg\u00e1ltat\u00e1s \u00e1ra annak \u00e1ltal\u00e1nosan elfogadott \u00e1r\u00e1t\u00f3l elt\u00e9r, \u00fagy a szolg\u00e1ltat\u00f3 nem k\u00f6teles a szolg\u00e1ltat\u00e1st a hib\u00e1s \u00e1ron szolg\u00e1ltatni, de k\u00f6teles a megrendel\u00e9s visszaigazol\u00e1s\u00e1ban felaj\u00e1nlani a jelentkez\u0151 r\u00e9sz\u00e9re a val\u00f3s \u00e1ron t\u00f6rt\u00e9n\u0151 r\u00e9szv\u00e9tel lehet\u0151s\u00e9g\u00e9t. Amennyiben a jelentkez\u0151 ezzel a lehet\u0151s\u00e9ggel nem k\u00edv\u00e1n \u00e9lni, \u00fagy megilleti a szerz\u0151d\u00e9st\u0151l val\u00f3 egyoldal\u00fa el\u00e1ll\u00e1s joga.<\/p>\n<p>5.6 A jelentkez\u00e9s menete a szolg\u00e1ltat\u00e1sok aloldalain tal\u00e1lhat\u00f3 \u0171rlapok megfelel\u0151 kit\u00f6lt\u00e9s\u00e9vel val\u00f3sulhat meg. A jelentkez\u0151 neve, sz\u00e1ml\u00e1z\u00e1si c\u00edme \u00e9s a program id\u0151pontja k\u00f6telez\u0151en kit\u00f6ltend\u0151 mez\u0151k, ennek hi\u00e1ny\u00e1ban nincs lehet\u0151s\u00e9g\u00fcnk a jelentkez\u00e9st v\u00e9gleges\u00edteni.<\/p>\n<p>5.7 A jelentkez\u00e9s k\u00fcld\u00e9s\u00e9t k\u00f6vet\u0151en e-mailben, vagy telefonon vessz\u00fck fel a kapcsolatot a jelentkez\u0151vel \u00e9s igazoljuk vissza a jelentkez\u00e9st. Visszaigazol\u00e1s hi\u00e1ny\u00e1ban a jelentkez\u00e9s nem min\u0151s\u00fcl szerz\u0151d\u00e9snek.<\/p>\n<h2><strong>6. Panaszkezel\u00e9s, garancia<\/strong><\/h2>\n<p>6.1. ProMan Consulting Kft. a feln\u0151ttk\u00e9pz\u00e9si tev\u00e9kenys\u00e9ggel kapcsolatos inform\u00e1ci\u00f3k hat\u00e9kony kezel\u00e9s\u00e9re Panaszkezel\u00e9si Szab\u00e1lyzatot dolgozott ki. Jelen Szab\u00e1lyzat a kiad\u00e1sa napj\u00e1t\u00f3l l\u00e9p hat\u00e1lyba \u00e9s betart\u00e1sa a szervezet minden munkat\u00e1rsa sz\u00e1m\u00e1ra k\u00f6telez\u0151 \u00e9rv\u00e9ny\u0171.<\/p>\n<p>6.2. ProMan Consulting Kft.panaszkezel\u00e9si elj\u00e1r\u00e1s\u00e1r\u00f3l a feln\u0151ttk\u00e9pz\u00e9sben r\u00e9sztvev\u0151k sz\u00e1m\u00e1ra a jelentkez\u00e9ssel egy id\u0151ben t\u00e1j\u00e9koztat\u00e1st k\u00fcld.<\/p>\n<p>6.3. A panaszokat, reklam\u00e1ci\u00f3kat \u00edr\u00e1sban (lev\u00e9lben, e-mailben), vagy szem\u00e9lyesen fogadjuk. A panaszok beny\u00fajt\u00e1sa az al\u00e1bbi adatok megad\u00e1s\u00e1val ker\u00fcl befogad\u00e1sra:<\/p>\n<ul>\n<li>Bejelent\u0151 neve<\/li>\n<li>K\u00e9pz\u00e9s megnevez\u00e9se \u00e9s d\u00e1tuma<\/li>\n<li>Panasz (reklam\u00e1ci\u00f3) r\u00e9szletes le\u00edr\u00e1sa<\/li>\n<\/ul>\n<p>Szem\u00e9lyes, a k\u00e9pz\u00e9s helysz\u00edn\u00e9n t\u00f6rt\u00e9n\u0151 bejelent\u00e9s eset\u00e9n a panaszt az \u00e1ltalunk \u00e1tadott panaszbejelent\u0151 lapon van lehet\u0151s\u00e9g tenni. Az \u00fcgyf\u00e9l k\u00e9r\u00e9s\u00e9re a panaszbejelent\u0151 nyomtatv\u00e1nyt e-mailben megk\u00fcldj\u00fck sz\u00e1m\u00e1ra.<\/p>\n<p>6.4. A be\u00e9rkez\u0151 panaszokra \u2013 amennyiben a reklam\u00e1ci\u00f3 jellege ezt lehet\u0151v\u00e9 teszi \u2013 azonnal, vagy legfeljebb 1 h\u00e9ten bel\u00fcl \u00edr\u00e1sban v\u00e1laszolunk.<\/p>\n<p>6.5. A tanfolyamok, k\u00e9pz\u00e9sek ideje alatt az oktat\u00f3khoz sz\u00f3ban \u00e9rkez\u0151, szakmai jelleg\u0171 panaszokat, reklam\u00e1ci\u00f3kat az oktat\u00f3 lehet\u0151s\u00e9g szerint helyben kezeli, ellenkez\u0151 esetben a reklam\u00e1ci\u00f3 t\u00e9ny\u00e9t \u00e9s tartalm\u00e1t feljegyezi.<\/p>\n<p>6.6. A reklam\u00e1ci\u00f3 jogoss\u00e1g\u00e1t els\u0151 szinten az oktat\u00f3 b\u00edr\u00e1lja el \u00e9s teszi meg a sz\u00fcks\u00e9ges int\u00e9zked\u00e9st. Amennyiben a reklam\u00e1ci\u00f3 t\u00e1rgya meghaladja az oktat\u00f3k hat\u00e1sk\u00f6r\u00e9t, az elb\u00edr\u00e1l\u00e1s az \u00fcgyvezet\u0151 hat\u00e1sk\u00f6r\u00e9be ker\u00fcl.<\/p>\n<p>6.7. Az el nem fogadott reklam\u00e1ci\u00f3r\u00f3l is halad\u00e9ktalanul, \u00edr\u00e1sban kell \u00e9rtes\u00edteni a panaszost, a reklam\u00e1ci\u00f3 visszautas\u00edt\u00e1s\u00e1nak indokl\u00e1s\u00e1val.<\/p>\n<p>6.8. A panaszokr\u00f3l ProMan Consulting Kft. nyilv\u00e1ntart\u00e1st vezet, rendszer\u00fcnk biztos\u00edtja, hogy a be\u00e9rkez\u0151 pozit\u00edv \u00e9s negat\u00edv (reklam\u00e1ci\u00f3) visszajelz\u00e9seket egyar\u00e1nt felhaszn\u00e1lhassuk szolg\u00e1ltat\u00e1saink min\u0151s\u00e9g\u00e9nek emel\u00e9s\u00e9hez.<\/p>\n<p>6.9. Jelentkez\u0151nek lehet\u0151s\u00e9ge van a szerz\u0151d\u00e9st felbontani, ha a szolg\u00e1ltat\u00e1s nem felel meg elv\u00e1r\u00e1sainak. Felbont\u00e1ssal a t\u00f6bb alkalmas programok eset\u00e9ben van lehet\u0151s\u00e9g \u00e9lni, amit jelentkez\u0151nek az els\u0151 alkalommal sz\u00fcks\u00e9ges jeleznie. Ezt \u00edr\u00e1sos form\u00e1ban (e-mail) az info@promanconsulting.hu c\u00edmre van lehet\u0151s\u00e9g elk\u00fcldeni az okok r\u00e9szletes ismertet\u00e9s\u00e9vel. Ebben az esetben a ProMan Consulting Kft. azonnali hat\u00e1llyal felbontja a szerz\u0151d\u00e9st \u00e9s a jelentkez\u0151 a program tov\u00e1bbi alkalmain nem vesz r\u00e9szt, illetve a ProMan Consulting Kft. semmif\u00e9le k\u00f6lts\u00e9gt\u00e9r\u00edt\u00e9sre nem jogosult. Egy alkalmas programok, illetve halasztott program (5.3) eset\u00e9n a fent le\u00edrtak \u00e9rv\u00e9ny\u00fcket vesztik.<\/p>\n<h2><strong>7. Fizet\u00e9s, sz\u00e1ml\u00e1z\u00e1s<\/strong><\/h2>\n<p>7.1 Fizet\u00e9s a program lez\u00e1r\u00e1s\u00e1t k\u00f6vet\u0151en t\u00f6rt\u00e9nik sz\u00e1mla ki\u00e1ll\u00edt\u00e1s\u00e1t k\u00f6vet\u0151en. A r\u00e9szv\u00e9telt \u00e9s a teljes\u00edt\u00e9s igazol\u00e1s\u00e1t az elektronikusan kit\u00f6lt\u00f6tt jelentkez\u00e9si lapok biztos\u00edtj\u00e1k.<\/p>\n<p>7.2 Fizet\u00e9s banki \u00e1tutal\u00e1ssal a sz\u00e1ml\u00e1n megadott sz\u00e1mlasz\u00e1mra, vagy a program z\u00e1r\u00e1sakor k\u00e9szp\u00e9nzben sz\u00e1mla ellen\u00e9ben lehets\u00e9ges.<\/p>\n<h2><strong>8. Kihelyezett programokon val\u00f3 r\u00e9szv\u00e9tel<br><\/strong><\/h2>\n<p>8.1 Kihelyezett programjaink szerz\u0151d\u00e9si felt\u00e9teleit minden esetben egyedi szerz\u0151d\u00e9sben r\u00f6gz\u00edtj\u00fck.<\/p>\n<h2><b>9. Hivatkoz\u00e1s referenciak\u00e9nt<\/b><\/h2>\n<p>9.1 Jelentkez\u0151 szervezet tudom\u00e1sul veszi \u00e9s v\u00e1llalja, hogy log\u00f3ja a ProMan Consulting Kft. honlapj\u00e1n a konkr\u00e9t program k\u00f6zl\u00e9se n\u00e9lk\u00fcl referenciak\u00e9nt felhaszn\u00e1lhat\u00f3.<\/p>\n<p>9.2 Amennyiben jelentkez\u0151 szervezet az ett\u0151l val\u00f3 tart\u00f3zkod\u00e1st k\u00fcl\u00f6n \u00edr\u00e1sos form\u00e1ban k\u00e9rv\u00e9nyezi, a hivatkoz\u00e1st\u00f3l ProMan Consulting Kft. eltekint.<\/p>\n<p>A ProMan Consulting Kft. a honlap haszn\u00e1lata sor\u00e1n a rendelkez\u00e9s\u00e9re bocs\u00e1tott szem\u00e9lyes adatokat bizalmasan kezeli, \u00e9s nem adja ki k\u00edv\u00fcl\u00e1ll\u00f3 harmadik szem\u00e9ly sz\u00e1m\u00e1ra, mely r\u00e9szleteit&nbsp;<a href=\"https:\/\/promanconsulting.hu\/adatvedelem\/\">adatv\u00e9delmi&nbsp;<\/a>t\u00e1j\u00e9koztat\u00f3nk tartalmazza.<\/p>\n<h2><b>10. Adatszolg\u00e1ltat\u00e1s<\/b><\/h2>\n<p>10.1. Jelentkez\u0151 v\u00e1llalja, hogy a 11\/2020. (II. 7.) Korm. rendelet \u00e9s 2013. \u00e9vi LXXVII. feln\u0151ttk\u00e9pz\u00e9sr\u0151l sz\u00f3l\u00f3 t\u00f6rv\u00e9nyben foglaltak teljes\u00edt\u00e9s\u00e9hez a ProMan Consulting Kft. \u00e1ltal lejelentend\u0151 adatokat ProMan Consulting Kft. k\u00e9r\u00e9s\u00e9re \u00e1tadja.<\/p>\n<p>Utols\u00f3 friss\u00edt\u00e9s d\u00e1tuma: 2020. december 31.<\/p>\n<p><\/p>\t\t\t\t\t\t\t\t<\/div>\n\t\t\t\t<\/div>\n\t\t\t\t\t<\/div>\n\t\t<\/div>\n\t\t\t\t\t<\/div>\n\t\t<\/section>\n\t\t\t\t<\/div>\n\t\t","protected":false},"excerpt":{"rendered":"<p>\u00c1ltal\u00e1nos szerz\u0151d\u00e9si felt\u00e9telek T\u00e1j\u00e9koztatjuk, hogy \u00d6n mint megrendel\u0151 a https:\/\/promanconsulting.hu c\u00edmen el\u00e9rhet\u0151 honlap haszn\u00e1lat\u00e1val kinyilv\u00e1n\u00edtja, hogy ismeri \u00e9s elfogadja, az al\u00e1bbi, a Ptk. (2013. \u00e9vi V. t\u00f6rv\u00e9ny) 6:77-6:81.\u00a7 alapj\u00e1n meg\u00edrt \u00e1ltal\u00e1nos szerz\u0151d\u00e9si felt\u00e9teleket. K\u00e9rj\u00fck, amennyiben v\u00e1s\u00e1rl\u00f3ja, illetve akt\u00edv haszn\u00e1l\u00f3ja k\u00edv\u00e1n lenni a honlapunk \u00e1ltal k\u00edn\u00e1lt lehet\u0151s\u00e9geknek, figyelmesen olvassa el az \u00c1ltal\u00e1nos Szerz\u0151d\u00e9si Felt\u00e9teleinket \u00e9s kiz\u00e1r\u00f3lag [&hellip;]<\/p>\n","protected":false},"author":2,"featured_media":0,"parent":0,"menu_order":0,"comment_status":"closed","ping_status":"open","template":"","meta":{"footnotes":""},"class_list":["post-1995","page","type-page","status-publish","hentry","entry"],"_links":{"self":[{"href":"https:\/\/promanconsulting.hu\/en\/wp-json\/wp\/v2\/pages\/1995","targetHints":{"allow":["GET"]}}],"collection":[{"href":"https:\/\/promanconsulting.hu\/en\/wp-json\/wp\/v2\/pages"}],"about":[{"href":"https:\/\/promanconsulting.hu\/en\/wp-json\/wp\/v2\/types\/page"}],"author":[{"embeddable":true,"href":"https:\/\/promanconsulting.hu\/en\/wp-json\/wp\/v2\/users\/2"}],"replies":[{"embeddable":true,"href":"https:\/\/promanconsulting.hu\/en\/wp-json\/wp\/v2\/comments?post=1995"}],"version-history":[{"count":25,"href":"https:\/\/promanconsulting.hu\/en\/wp-json\/wp\/v2\/pages\/1995\/revisions"}],"predecessor-version":[{"id":10839,"href":"https:\/\/promanconsulting.hu\/en\/wp-json\/wp\/v2\/pages\/1995\/revisions\/10839"}],"wp:attachment":[{"href":"https:\/\/promanconsulting.hu\/en\/wp-json\/wp\/v2\/media?parent=1995"}],"curies":[{"name":"wp","href":"https:\/\/api.w.org\/{rel}","templated":true}]}}