{"id":1990,"date":"2021-07-11T00:08:43","date_gmt":"2021-07-11T00:08:43","guid":{"rendered":"http:\/\/promanconsulting.hu\/?page_id=1990"},"modified":"2023-02-11T08:49:00","modified_gmt":"2023-02-11T08:49:00","slug":"cookie","status":"publish","type":"page","link":"https:\/\/promanconsulting.hu\/en\/cookie\/","title":{"rendered":"Cookie"},"content":{"rendered":"\t\t<div data-elementor-type=\"wp-page\" data-elementor-id=\"1990\" class=\"elementor elementor-1990\" data-elementor-settings=\"{&quot;ha_cmc_init_switcher&quot;:&quot;no&quot;}\" data-elementor-post-type=\"page\">\n\t\t\t\t\t\t<section class=\"elementor-section elementor-top-section elementor-element elementor-element-ecae1d0 elementor-section-boxed elementor-section-height-default elementor-section-height-default\" data-id=\"ecae1d0\" data-element_type=\"section\" data-e-type=\"section\" data-settings=\"{&quot;jet_parallax_layout_list&quot;:[{&quot;jet_parallax_layout_image&quot;:{&quot;url&quot;:&quot;&quot;,&quot;id&quot;:&quot;&quot;,&quot;size&quot;:&quot;&quot;},&quot;_id&quot;:&quot;afc40b1&quot;,&quot;jet_parallax_layout_image_tablet&quot;:{&quot;url&quot;:&quot;&quot;,&quot;id&quot;:&quot;&quot;,&quot;size&quot;:&quot;&quot;},&quot;jet_parallax_layout_image_mobile&quot;:{&quot;url&quot;:&quot;&quot;,&quot;id&quot;:&quot;&quot;,&quot;size&quot;:&quot;&quot;},&quot;jet_parallax_layout_speed&quot;:{&quot;unit&quot;:&quot;%&quot;,&quot;size&quot;:50,&quot;sizes&quot;:[]},&quot;jet_parallax_layout_type&quot;:&quot;scroll&quot;,&quot;jet_parallax_layout_direction&quot;:&quot;1&quot;,&quot;jet_parallax_layout_fx_direction&quot;:null,&quot;jet_parallax_layout_z_index&quot;:&quot;&quot;,&quot;jet_parallax_layout_bg_x&quot;:50,&quot;jet_parallax_layout_bg_x_tablet&quot;:&quot;&quot;,&quot;jet_parallax_layout_bg_x_mobile&quot;:&quot;&quot;,&quot;jet_parallax_layout_bg_y&quot;:50,&quot;jet_parallax_layout_bg_y_tablet&quot;:&quot;&quot;,&quot;jet_parallax_layout_bg_y_mobile&quot;:&quot;&quot;,&quot;jet_parallax_layout_bg_size&quot;:&quot;auto&quot;,&quot;jet_parallax_layout_bg_size_tablet&quot;:&quot;&quot;,&quot;jet_parallax_layout_bg_size_mobile&quot;:&quot;&quot;,&quot;jet_parallax_layout_animation_prop&quot;:&quot;transform&quot;,&quot;jet_parallax_layout_on&quot;:[&quot;desktop&quot;,&quot;tablet&quot;]}],&quot;_ha_eqh_enable&quot;:false}\">\n\t\t\t\t\t\t<div class=\"elementor-container elementor-column-gap-default\">\n\t\t\t\t\t<div class=\"elementor-column elementor-col-100 elementor-top-column elementor-element elementor-element-2a99c334\" data-id=\"2a99c334\" data-element_type=\"column\" data-e-type=\"column\">\n\t\t\t<div class=\"elementor-widget-wrap elementor-element-populated\">\n\t\t\t\t\t\t<div class=\"elementor-element elementor-element-695274d2 elementor-widget elementor-widget-text-editor\" data-id=\"695274d2\" data-element_type=\"widget\" data-e-type=\"widget\" data-widget_type=\"text-editor.default\">\n\t\t\t\t<div class=\"elementor-widget-container\">\n\t\t\t\t\t\t\t\t\t<p><\/p>\n<h1 class=\"wp-block-heading\"><b>Cookies \u2013 S\u00fctik<\/b><\/h1>\n<h2>Cookie-k haszn\u00e1lata<\/h2>\n<p>A jelen Oldal, az e-mail \u00fczenetek, az online szolg\u00e1ltat\u00e1sok, a rekl\u00e1mok \u00e9s az interakt\u00edv alkalmaz\u00e1sok szolg\u00e1ltat\u00e1saink optimaliz\u00e1l\u00e1sa c\u00e9lj\u00e1b\u00f3l \u201ccookie\u201d-kat haszn\u00e1lhatnak. Adatv\u00e9delemmel kapcsolatban tov\u00e1bbi inform\u00e1ci\u00f3 a\u00a0<a href=\"https:\/\/promanconsulting.hu\/adatvedelem\">https:\/\/promanconsulting.hu\/adatvedelem<\/a>\u00a0oldalon \u00e9rhet\u0151 el.<\/p>\n<p>Mi az a \u201ccookie\u201d?<\/p>\n<p>A \u201ccookie\u201d \u00e1ltal\u00e1ban egy bet\u0171kb\u0151l \u00e9s sz\u00e1mokb\u00f3l \u00e1ll\u00f3 kis file, amit a web szerver\u00fcnk az \u00d6n sz\u00e1m\u00edt\u00f3g\u00e9p\u00e9nek merevlemez\u00e9n tal\u00e1lhat\u00f3 b\u00f6ng\u00e9sz\u0151 cookie file-j\u00e1ba k\u00fcld. Ez lehet\u0151v\u00e9 teszi p\u00e9ld\u00e1ul, hogy a weboldalunk felismerje a felhaszn\u00e1l\u00f3 \u00e1ltal haszn\u00e1lt v\u00e9gberendez\u00e9st, amikor a web szerver \u00e9s a b\u00f6ng\u00e9sz\u0151 k\u00f6z\u00f6tti kapcsolat l\u00e9trej\u00f6n. A cookie f\u0151 c\u00e9lja, hogy lehet\u0151v\u00e9 tegye web szerver\u00fcnk sz\u00e1m\u00e1ra, hogy a felhaszn\u00e1l\u00f3 sz\u00e1m\u00e1ra egyedies\u00edtett weboldalakat tegyen el\u00e9rhet\u0151v\u00e9, melyek a felhaszn\u00e1l\u00f3i \u00e9lm\u00e9nyt a Proman Consulting Kft. weboldal\u00e1nak haszn\u00e1lata sor\u00e1n szem\u00e9lyesebb\u00e9 teszik, \u00e9s a felhaszn\u00e1l\u00f3 egy\u00e9ni sz\u00fcks\u00e9gleteit jobban t\u00fckr\u00f6zik.<\/p>\n<p>Milyen cookie-kat haszn\u00e1l a weboldal?<\/p>\n<p>A Proman Consulting Kft. a jelen Weboldalon k\u00e9tfajta cookie-t haszn\u00e1lhat:<\/p>\n<p>\u00c1tmeneti (session) cookie: ezek ideiglenes cookie-k, amik az \u00d6n b\u00f6ng\u00e9sz\u00e9s\u00e9nek a v\u00e9g\u00e9ig ker\u00fclnek t\u00e1rol\u00e1sra a cookie file-ban. Ezek a cookie-k elengedhetetlenek a Weboldallal kapcsolatos egyes funkcionalit\u00e1sok vagy alkalmaz\u00e1sok megfelel\u0151 m\u0171k\u00f6d\u00e9s\u00e9hez.<\/p>\n<p>\u00c1lland\u00f3 (persistent) cookie: \u00e1lland\u00f3 cookie-t haszn\u00e1lunk a jobb felhaszn\u00e1l\u00f3i \u00e9lm\u00e9ny \u00e9rdek\u00e9ben (pl. optimaliz\u00e1lt navig\u00e1ci\u00f3 ny\u00fajt\u00e1sa). Ezek a cookie-k a hosszabb ideig ker\u00fclnek t\u00e1rol\u00e1sra a b\u00f6ng\u00e9sz\u0151 cookie file-j\u00e1ban. Ennek id\u0151tartama att\u00f3l f\u00fcgg, hogy internetes b\u00f6ng\u00e9sz\u0151j\u00e9ben \u00d6n milyen be\u00e1ll\u00edt\u00e1st alkalmaz. Az \u00e1lland\u00f3 cookie-k lehet\u0151v\u00e9 teszik, hogy a web szerverre inform\u00e1ci\u00f3 ker\u00fclj\u00f6n tov\u00e1bb\u00edt\u00e1sra minden olyan esetben, amikor valaki felkeresi a weboldalt. Az \u00e1lland\u00f3 cookie-k nyomk\u00f6vet\u0151 (tracking) cookie-k\u00e9nt is ismertek.<\/p>\n<p>Ha t\u00f6bbet szeretne tudni a t\u00e9m\u00e1ban, sz\u00e1mos cikk hozz\u00e1f\u00e9rhet\u0151 az interneten. Ilyen p\u00e9ld\u00e1ul a http:\/\/www.allaboutcookies.org oldal.<\/p>\n<p><strong>Oldal megfelel\u0151 m\u0171k\u00f6d\u00e9s\u00e9hez sz\u00fcks\u00e9ges cookie-k<\/strong><\/p>\n<p>E cookie-k n\u00e9lk\u00fcl az oldal nem m\u0171k\u00f6d\u0151k\u00e9pes, \u00edgy ezek letilt\u00e1sa az oldal bet\u00f6lt\u00e9s\u00e9t akad\u00e1lyozza.<\/p>\n<p><strong>Preferencia jelleg\u0171 cookie-k<\/strong><\/p>\n<p>Ezek a cookie-k biztos\u00edtj\u00e1k, hogy a l\u00e1togat\u00f3 oldal megjelen\u00edt\u00e9s\u00e9vel kapcsolatos preferenci\u00e1it megjegyezze, mint p\u00e9ld\u00e1ul oldal nyelve, vagy a l\u00e1togat\u00f3 lok\u00e1ci\u00f3ja.<\/p>\n<p><strong>Harmadik f\u00e9l, marketing jelleg\u0171 cookie-k<\/strong><\/p>\n<p>A Proman Consulting Kft. harmadik f\u00e9l hirdet\u0151k (Google, Facebook, LinkedIn) szolg\u00e1ltat\u00e1sait veheti ig\u00e9nybe hirdet\u00e9sek k\u00fcld\u00e9se \u00e9s marketing kommunik\u00e1ci\u00f3nk optimaliz\u00e1l\u00e1sa c\u00e9lj\u00e1b\u00f3l. A harmadik f\u00e9l hirdet\u0151k cookie-kat haszn\u00e1lhatnak a hirdet\u00e9sek hat\u00e9konys\u00e1g\u00e1nak m\u00e9r\u00e9se \u00e9s a hirdet\u00e9sek tartalm\u00e1nak egy\u00e9nies\u00edt\u00e9se c\u00e9lj\u00e1b\u00f3l. A harmadik f\u00e9l hirdet\u0151k \u00e1ltal gy\u0171jt\u00f6tt inform\u00e1ci\u00f3 lehetnek p\u00e9ld\u00e1ul (az IP c\u00edm alapj\u00e1n meghat\u00e1rozott) geolok\u00e1ci\u00f3s adatok vagy kapcsolattart\u00e1si adatok, \u00fagymint e-mail c\u00edm.<\/p>\n<p><strong>Statisztikai jelleg\u0171 cookie-k<br \/><\/strong><\/p>\n<p>A nyomk\u00f6vet\u0151 pixelek, illetve cookie-k seg\u00edts\u00e9g\u00e9vel kinyert inform\u00e1ci\u00f3 anonim \u00e9s nem ker\u00fcl \u00f6sszekapcsol\u00e1sra szem\u00e9lyes adattal. Ezek c\u00e9lja a l\u00e1togat\u00f3k oldall\u00e1togat\u00e1si szok\u00e1sainak meg\u00e9rt\u00e9se \u00e9s elemz\u00e9se. A Proman Consulting Kft. f\u00fcggetlen felhaszn\u00e1l\u00e1s c\u00e9lj\u00e1b\u00f3l nem osztja meg ezen inform\u00e1ci\u00f3kat harmadik felekkel.<\/p>\n<p><strong>Cookie-k \u00e9s hasonl\u00f3 technol\u00f3gi\u00e1k enged\u00e9lyez\u00e9se \u00e9s tilt\u00e1sa<\/strong><\/p>\n<p>Be\u00e1ll\u00edthatja, hogy b\u00f6ng\u00e9sz\u0151je egy\u00e1ltal\u00e1n ne fogadjon el, vagy csak bizonyos webhelyek cookie-jait fogadja el. A k\u00f6vetkez\u0151 hivatkoz\u00e1sokra kattintva megismerheti a f\u0151bb b\u00f6ng\u00e9sz\u0151k cookie-kra vonatkoz\u00f3 be\u00e1ll\u00edt\u00e1si elj\u00e1r\u00e1sait. A b\u00f6ng\u00e9sz\u0151 s\u00fag\u00f3j\u00e1ban is hasznos tudnival\u00f3kat olvashat.<\/p>\n<p>A google chrome cookie be\u00e1ll\u00edt\u00e1sai (<a href=\"https:\/\/support.google.com\/chrome\/answer\/95647?hl=en\" target=\"_blank\" rel=\"noopener\">https:\/\/support.google.com\/chrome\/answer\/95647?hl=en<\/a>)<br \/>A Firefox cookie be\u00e1ll\u00edt\u00e1sai (<a href=\"http:\/\/support.mozilla.org\/en-US\/kb\/cookies-information-websites-store-on-your-computer?redirectlocale=en-US&amp;redirectslug=Cookies\" target=\"_blank\" rel=\"noopener\">http:\/\/support.mozilla.org\/en-US\/kb\/cookies-information-websites-store-on-your-computer?redirectlocale=en-US&amp;redirectslug=Cookies<\/a>)<br \/>Az Internet Explorer cookie be\u00e1ll\u00edt\u00e1sai (<a href=\"https:\/\/support.microsoft.com\/hu-hu\/help\/17442\/windows-internet-explorer-delete-manage-cookies\" target=\"_blank\" rel=\"noopener\">http:\/\/support.microsoft.com\/kb\/196955<\/a>)<br \/>A Safari cookie be\u00e1ll\u00edt\u00e1sai (Mac) (<a href=\"http:\/\/support.apple.com\/kb\/PH5042\" target=\"_blank\" rel=\"noopener\">http:\/\/support.apple.com\/kb\/PH5042<\/a>)<br \/>A Safari cookie be\u00e1ll\u00edt\u00e1sai (iPhone \u00e9s iPad) (<a href=\"http:\/\/support.apple.com\/kb\/HT1677\" target=\"_blank\" rel=\"noopener\">http:\/\/support.apple.com\/kb\/HT1677<\/a>)<\/p>\n<p>Felh\u00edvjuk figyelm\u00e9t, hogy cookie-k tilt\u00e1sa eset\u00e9n bizonyos elemek \u00e9s a Weboldal teljes funkcionalit\u00e1sa nem lesz el\u00e9rhet\u0151.<\/p>\n<p><strong>Oldal \u00e1ltal haszn\u00e1lt cookie-k list\u00e1ja<\/strong><\/p>\n<table width=\"1087\">\n<tbody>\n<tr>\n<td width=\"148\"><strong>Cookie neve<\/strong><\/td>\n<td width=\"168\"><strong>Szolg\u00e1ltat\u00f3<\/strong><\/td>\n<td width=\"68\"><strong>T\u00edpus<\/strong><\/td>\n<td width=\"139\"><strong>Lej\u00e1rat<\/strong><\/td>\n<td width=\"564\"><strong>Haszn\u00e1lat c\u00e9lja<\/strong><\/td>\n<\/tr>\n<tr>\n<td>__cfduid<\/td>\n<td>datatables.net<\/td>\n<td>HTTP<\/td>\n<td>1 \u00e9v<\/td>\n<td width=\"564\">Megb\u00edzhat\u00f3 internetes forgalom azonos\u00edt\u00e1sa.<\/td>\n<\/tr>\n<tr>\n<td>AWSELB<\/td>\n<td>writer.smartlook.com<\/td>\n<td>HTTP<\/td>\n<td>munkamenet<\/td>\n<td width=\"564\">A v\u00e1laszid\u0151 optimaliz\u00e1l\u00e1sa \u00e9rdek\u00e9ben t\u00f6bb szerverre terjeszti a forgalmat.<\/td>\n<\/tr>\n<tr>\n<td>CookieConsent<\/td>\n<td>promanconsulting.hu<\/td>\n<td>HTTP<\/td>\n<td>1 \u00e9v<\/td>\n<td width=\"564\">Funkcion\u00e1lis cookie. Ezt a cookie-t arra haszn\u00e1ljuk, hogy regisztr\u00e1ljuk, hogy \u00d6n elfogadja vagy elutas\u00edtja a cookie-kat.<\/td>\n<\/tr>\n<tr>\n<td>lang<\/td>\n<td>ads.linkedin.com<\/td>\n<td>HTTP<\/td>\n<td>munkamenet<\/td>\n<td width=\"564\">Megjegyzi a l\u00e1togat\u00f3 oldalra vonatkoz\u00f3 nyelvi preferenci\u00e1it.<\/td>\n<\/tr>\n<tr>\n<td>_dc_gtm_UA-#<\/td>\n<td>promanconsulting.hu<\/td>\n<td>HTTP<\/td>\n<td>munkamenet<\/td>\n<td width=\"564\">Google Tag Manager \u00e1ltal haszn\u00e1lt cookie, mely a Google Analytics script futtat\u00e1s\u00e1t kontroll\u00e1lja.<\/td>\n<\/tr>\n<tr>\n<td>_ga<\/td>\n<td>promanconsulting.hu<\/td>\n<td>HTTP<\/td>\n<td>2 \u00e9v<\/td>\n<td width=\"564\">L\u00e1togat\u00e1si szok\u00e1sokkal kapcsolatos anonim statisztikai adatokat gener\u00e1l\u00f3 cookie, mely alapj\u00e1n folyamatosan jav\u00edtjuk oldalunkat.<\/td>\n<\/tr>\n<tr>\n<td>_gali<\/td>\n<td>promanconsulting.hu<\/td>\n<td>HTTP<\/td>\n<td>munkamenet<\/td>\n<td width=\"564\">L\u00e1togat\u00e1si szok\u00e1sokkal kapcsolatos anonim statisztikai adatokat gener\u00e1l\u00f3 cookie, mely alapj\u00e1n folyamatosan jav\u00edtjuk oldalunkat.<\/td>\n<\/tr>\n<tr>\n<td>_gid<\/td>\n<td>promanconsulting.hu<\/td>\n<td>HTTP<\/td>\n<td>munkamenet<\/td>\n<td width=\"564\">L\u00e1togat\u00e1si szok\u00e1sokkal kapcsolatos anonim statisztikai adatokat gener\u00e1l\u00f3 cookie, mely alapj\u00e1n folyamatosan jav\u00edtjuk oldalunkat.<\/td>\n<\/tr>\n<tr>\n<td>ads\/ga-audiences<\/td>\n<td>google.com<\/td>\n<td>Pixel<\/td>\n<td>munkamenet<\/td>\n<td width=\"564\">Google adwords \u00e1ltal haszn\u00e1lt cookie, mely c\u00e9lja a l\u00e1togat\u00f3k remarketing c\u00e9l\u00fa megkeres\u00e9se.<\/td>\n<\/tr>\n<tr>\n<td>bcookie<\/td>\n<td>linkedin.com<\/td>\n<td>HTTP<\/td>\n<td>2 \u00e9v<\/td>\n<td width=\"564\">LinkedIn \u00e1ltal haszn\u00e1lt cookie, mely c\u00e9lja a l\u00e1togat\u00f3k marketing c\u00e9l\u00fa anonim nyomon k\u00f6vet\u00e9se.<\/td>\n<\/tr>\n<tr>\n<td>BizoID<\/td>\n<td>ads.linkedin.com<\/td>\n<td>HTTP<\/td>\n<td>179 nap<\/td>\n<td width=\"564\">LinkedIn hirdet\u00e9seket t\u00e1mogat\u00f3 cookie.<\/td>\n<\/tr>\n<tr>\n<td>bscookie<\/td>\n<td>linkedin.com<\/td>\n<td>HTTP<\/td>\n<td>2 \u00e9v<\/td>\n<td width=\"564\">LinkedIn \u00e1ltal haszn\u00e1lt cookie, mely c\u00e9lja a l\u00e1togat\u00f3k marketing c\u00e9l\u00fa anonim nyomon k\u00f6vet\u00e9se.<\/td>\n<\/tr>\n<tr>\n<td>collect<\/td>\n<td>google-analytics.com<\/td>\n<td>Pixel<\/td>\n<td>munkamenet<\/td>\n<td width=\"564\">A l\u00e1togat\u00f3 \u00e1ltal haszn\u00e1lt eszk\u00f6zr\u0151l \u00e9s viselked\u00e9s\u00e9r\u0151l gy\u0171jt adatokat \u00e9s k\u00fcldi azt el a Google Analytics-nek.<\/td>\n<\/tr>\n<tr>\n<td>fr<\/td>\n<td>facebook.com<\/td>\n<td>HTTP<\/td>\n<td>3 h\u00f3nap<\/td>\n<td width=\"564\">Facebook hirdet\u00e9seket t\u00e1mogat\u00f3 cookie.<\/td>\n<\/tr>\n<tr>\n<td>lidc<\/td>\n<td>linkedin.com<\/td>\n<td>HTTP<\/td>\n<td>munkamenet<\/td>\n<td width=\"564\">LinkedIn \u00e1ltal haszn\u00e1lt cookie, mely c\u00e9lja a l\u00e1togat\u00f3k marketing c\u00e9l\u00fa anonim nyomon k\u00f6vet\u00e9se.<\/td>\n<\/tr>\n<tr>\n<td>tr<\/td>\n<td>facebook.com<\/td>\n<td>Pixel<\/td>\n<td>munkamanet<\/td>\n<td width=\"564\">Facebook hirdet\u00e9seket t\u00e1mogat\u00f3 cookie.<\/td>\n<\/tr>\n<tr>\n<td>UserMatchHistory<\/td>\n<td>ads.linkedin.com<\/td>\n<td>HTTP<\/td>\n<td>179 nap<\/td>\n<td width=\"564\">LinkedIn hirdet\u00e9seket t\u00e1mogat\u00f3 cookie.<\/td>\n<\/tr>\n<tr>\n<td>cookie_notice_accepted<\/td>\n<td>promanconsulting.hu<\/td>\n<td>HTTP<\/td>\n<td>29 nap<\/td>\n<td width=\"564\">Cookie haszn\u00e1lat elfogad\u00e1s\u00e1t megjegyz\u0151 cookie.<\/td>\n<\/tr>\n<tr>\n<td>fc_X<\/td>\n<td>promanconsulting.hu<\/td>\n<td>HTTP<\/td>\n<td>munkamenet<\/td>\n<td width=\"564\">Funkcion\u00e1lis cookie. Ezt a cookie-t arra haszn\u00e1ljuk, hogy beazos\u00edtsuk az \u00d6n weboldalon t\u00f6lt\u00f6tt egyedi munkamenet\u00e9t (session cookie) \u00e9s megjegyezz\u00fck a kapcsolatfelv\u00e9teli \u0171rlapon megadott adatokat.<\/td>\n<\/tr>\n<tr>\n<td>quiz1page<\/td>\n<td>promanconsulting.hu<\/td>\n<td>HTML<\/td>\n<td>munkamenet<\/td>\n<td width=\"564\">Kv\u00edzk\u00e9rd\u00e9sek fut\u00e1s\u00e1t \u00e9s a v\u00e1laszok ki\u00e9rt\u00e9kel\u00e9s\u00e9t t\u00e1mogat\u00f3 cookie<\/td>\n<\/tr>\n<tr>\n<td>SL_C_X<\/td>\n<td>promanconsulting.hu<\/td>\n<td>HTTP<\/td>\n<td>2 \u00e9v<\/td>\n<td width=\"564\">Google Tag manager \u00e1ltal haszn\u00e1lt cookie a google hirdet\u00e9sek t\u00e1mogat\u00e1sa \u00e9rdek\u00e9ben.<\/td>\n<\/tr>\n<tr>\n<td>SL_L_X<\/td>\n<td>promanconsulting.hu<\/td>\n<td>HTML<\/td>\n<td>\u00e1lland\u00f3<\/td>\n<td width=\"564\">Google Tag manager \u00e1ltal haszn\u00e1lt cookie a google hirdet\u00e9sek t\u00e1mogat\u00e1sa \u00e9rdek\u00e9ben.<\/td>\n<\/tr>\n<tr>\n<td>smartlookCookie<\/td>\n<td>manager.smartlook.com<\/td>\n<td>HTTP<\/td>\n<td>munkamenet<\/td>\n<td width=\"564\">Beazonos\u00edthatatlan m\u00f3don t\u00e1rol felv\u00e9teleket a l\u00e1togat\u00f3i tev\u00e9kenys\u00e9gekr\u0151l<\/td>\n<\/tr>\n<tr>\n<td>UUID#<\/td>\n<td>manager.smartlook.com<\/td>\n<td>HTTP<\/td>\n<td>munkamenet<\/td>\n<td width=\"564\">Google Tag manager \u00e1ltal haszn\u00e1lt cookie a google hirdet\u00e9sek t\u00e1mogat\u00e1sa \u00e9rdek\u00e9ben.<\/td>\n<\/tr>\n<\/tbody>\n<\/table>\n<p><strong>Kapcsolatfelv\u00e9tel<\/strong><\/p>\n<p>Ha b\u00e1rmilyen k\u00e9rd\u00e9se, \u00e9szrev\u00e9tele, vagy k\u00e9rd\u00e9se van a jelen adatv\u00e9delmi szab\u00e1lyzattal kapcsolatban, k\u00e9rj\u00fck, l\u00e9pjen kapcsolatba vel\u00fcnk az al\u00e1bbi c\u00edmen. Ugyan\u00edgy l\u00e9phet kapcsolatba vel\u00fcnk, ha t\u00e1j\u00e9koztat\u00e1st k\u00e9r a Weboldalon kereszt\u00fcl gy\u0171jt\u00f6tt adatair\u00f3l, vagy k\u00e9ri az inform\u00e1ci\u00f3 helyesb\u00edt\u00e9s\u00e9t, z\u00e1rol\u00e1s\u00e1t vagy t\u00f6rl\u00e9s\u00e9t.<\/p>\n<p>\u00dcgyf\u00e9lszolg\u00e1latunk email c\u00edme:\u00a0<strong>adatvedelem@promanconsulting.hu<\/strong><\/p>\n<p>Telefon: +36\u00a0<span style=\"font-size: 16px; caret-color: #000000; color: #000000;\">20 333 0386<\/span><\/p>\n<p>Ad\u00f3sz\u00e1m:25872448-2-43<\/p>\n<p>C\u00e9gjegyz\u00e9k sz\u00e1mjel:01-09-293715<\/p>\n<p>A t\u00e1rsas\u00e1g \u00f6sszes adat\u00e1val kapcsolatban l\u00e1sd a Jogi Tudnival\u00f3kat (C\u00e9gb\u00edr\u00f3s\u00e1g)<\/p>\n<p>Kelt: 2018. m\u00e1jus 14.<\/p>\n<p><em>Az adatkezel\u00e9shez val\u00f3 hozz\u00e1j\u00e1rul\u00e1s \u00f6nk\u00e9ntes. Abban a nem v\u00e1rt esetben, ha a Szem\u00e9lyes Adatokkal kapcsolatos jogokat megs\u00e9rtik, \u00d6n a Nemzeti Adatv\u00e9delmi \u00e9s Inform\u00e1ci\u00f3szabads\u00e1g Hat\u00f3s\u00e1ghoz vagy b\u00edr\u00f3s\u00e1ghoz fordulhat.<\/em><\/p>\n<p><\/p>\t\t\t\t\t\t\t\t<\/div>\n\t\t\t\t<\/div>\n\t\t\t\t\t<\/div>\n\t\t<\/div>\n\t\t\t\t\t<\/div>\n\t\t<\/section>\n\t\t\t\t<\/div>\n\t\t","protected":false},"excerpt":{"rendered":"<p>Cookies \u2013 S\u00fctik Cookie-k haszn\u00e1lata A jelen Oldal, az e-mail \u00fczenetek, az online szolg\u00e1ltat\u00e1sok, a rekl\u00e1mok \u00e9s az interakt\u00edv alkalmaz\u00e1sok szolg\u00e1ltat\u00e1saink optimaliz\u00e1l\u00e1sa c\u00e9lj\u00e1b\u00f3l \u201ccookie\u201d-kat haszn\u00e1lhatnak. Adatv\u00e9delemmel kapcsolatban tov\u00e1bbi inform\u00e1ci\u00f3 a\u00a0https:\/\/promanconsulting.hu\/adatvedelem\u00a0oldalon \u00e9rhet\u0151 el. Mi az a \u201ccookie\u201d? A \u201ccookie\u201d \u00e1ltal\u00e1ban egy bet\u0171kb\u0151l \u00e9s sz\u00e1mokb\u00f3l \u00e1ll\u00f3 kis file, amit a web szerver\u00fcnk az \u00d6n sz\u00e1m\u00edt\u00f3g\u00e9p\u00e9nek merevlemez\u00e9n tal\u00e1lhat\u00f3 [&hellip;]<\/p>\n","protected":false},"author":2,"featured_media":0,"parent":0,"menu_order":0,"comment_status":"closed","ping_status":"open","template":"","meta":{"footnotes":""},"class_list":["post-1990","page","type-page","status-publish","hentry","entry"],"_links":{"self":[{"href":"https:\/\/promanconsulting.hu\/en\/wp-json\/wp\/v2\/pages\/1990","targetHints":{"allow":["GET"]}}],"collection":[{"href":"https:\/\/promanconsulting.hu\/en\/wp-json\/wp\/v2\/pages"}],"about":[{"href":"https:\/\/promanconsulting.hu\/en\/wp-json\/wp\/v2\/types\/page"}],"author":[{"embeddable":true,"href":"https:\/\/promanconsulting.hu\/en\/wp-json\/wp\/v2\/users\/2"}],"replies":[{"embeddable":true,"href":"https:\/\/promanconsulting.hu\/en\/wp-json\/wp\/v2\/comments?post=1990"}],"version-history":[{"count":7,"href":"https:\/\/promanconsulting.hu\/en\/wp-json\/wp\/v2\/pages\/1990\/revisions"}],"predecessor-version":[{"id":7341,"href":"https:\/\/promanconsulting.hu\/en\/wp-json\/wp\/v2\/pages\/1990\/revisions\/7341"}],"wp:attachment":[{"href":"https:\/\/promanconsulting.hu\/en\/wp-json\/wp\/v2\/media?parent=1990"}],"curies":[{"name":"wp","href":"https:\/\/api.w.org\/{rel}","templated":true}]}}