{"id":1982,"date":"2021-07-11T00:04:48","date_gmt":"2021-07-11T00:04:48","guid":{"rendered":"http:\/\/promanconsulting.hu\/?page_id=1982"},"modified":"2025-11-05T21:46:38","modified_gmt":"2025-11-05T19:46:38","slug":"masthead","status":"publish","type":"page","link":"https:\/\/promanconsulting.hu\/en\/impresszum\/","title":{"rendered":"impressum"},"content":{"rendered":"\t\t<div data-elementor-type=\"wp-page\" data-elementor-id=\"1982\" class=\"elementor elementor-1982\" data-elementor-settings=\"{&quot;ha_cmc_init_switcher&quot;:&quot;no&quot;}\" data-elementor-post-type=\"page\">\n\t\t\t\t\t\t<section class=\"elementor-section elementor-top-section elementor-element elementor-element-ecae1d0 elementor-section-boxed elementor-section-height-default elementor-section-height-default\" data-id=\"ecae1d0\" data-element_type=\"section\" data-e-type=\"section\" data-settings=\"{&quot;jet_parallax_layout_list&quot;:[{&quot;jet_parallax_layout_image&quot;:{&quot;url&quot;:&quot;&quot;,&quot;id&quot;:&quot;&quot;,&quot;size&quot;:&quot;&quot;},&quot;_id&quot;:&quot;afc40b1&quot;,&quot;jet_parallax_layout_image_tablet&quot;:{&quot;url&quot;:&quot;&quot;,&quot;id&quot;:&quot;&quot;,&quot;size&quot;:&quot;&quot;},&quot;jet_parallax_layout_image_mobile&quot;:{&quot;url&quot;:&quot;&quot;,&quot;id&quot;:&quot;&quot;,&quot;size&quot;:&quot;&quot;},&quot;jet_parallax_layout_speed&quot;:{&quot;unit&quot;:&quot;%&quot;,&quot;size&quot;:50,&quot;sizes&quot;:[]},&quot;jet_parallax_layout_type&quot;:&quot;scroll&quot;,&quot;jet_parallax_layout_direction&quot;:&quot;1&quot;,&quot;jet_parallax_layout_fx_direction&quot;:null,&quot;jet_parallax_layout_z_index&quot;:&quot;&quot;,&quot;jet_parallax_layout_bg_x&quot;:50,&quot;jet_parallax_layout_bg_x_tablet&quot;:&quot;&quot;,&quot;jet_parallax_layout_bg_x_mobile&quot;:&quot;&quot;,&quot;jet_parallax_layout_bg_y&quot;:50,&quot;jet_parallax_layout_bg_y_tablet&quot;:&quot;&quot;,&quot;jet_parallax_layout_bg_y_mobile&quot;:&quot;&quot;,&quot;jet_parallax_layout_bg_size&quot;:&quot;auto&quot;,&quot;jet_parallax_layout_bg_size_tablet&quot;:&quot;&quot;,&quot;jet_parallax_layout_bg_size_mobile&quot;:&quot;&quot;,&quot;jet_parallax_layout_animation_prop&quot;:&quot;transform&quot;,&quot;jet_parallax_layout_on&quot;:[&quot;desktop&quot;,&quot;tablet&quot;]}],&quot;_ha_eqh_enable&quot;:false}\">\n\t\t\t\t\t\t<div class=\"elementor-container elementor-column-gap-default\">\n\t\t\t\t\t<div class=\"elementor-column elementor-col-100 elementor-top-column elementor-element elementor-element-2a99c334\" data-id=\"2a99c334\" data-element_type=\"column\" data-e-type=\"column\">\n\t\t\t<div class=\"elementor-widget-wrap elementor-element-populated\">\n\t\t\t\t\t\t<div class=\"elementor-element elementor-element-695274d2 elementor-widget elementor-widget-text-editor\" data-id=\"695274d2\" data-element_type=\"widget\" data-e-type=\"widget\" data-widget_type=\"text-editor.default\">\n\t\t\t\t<div class=\"elementor-widget-container\">\n\t\t\t\t\t\t\t\t\t<h1>Impresszum<\/h1>\n<h2>A honlap tulajdonosa \u00e9s fenntart\u00f3ja:<\/h2>\n<p>ProMan Consulting Kft.<br \/>Sz\u00e9khely: 1221 Budapest, Tan\u00edt\u00f3 u. 15\/1a.<br \/>Iroda: 1118 Budapest, Kelenhegyi \u00fat 29\/b.<br \/>C\u00e9gjegyz\u00e9ksz\u00e1m: 01-09-293715<br \/>Ad\u00f3sz\u00e1m: 25872448-2-43<\/p>\n<h2>El\u00e9rhet\u0151s\u00e9g:<\/h2>\n<p>Lev\u00e9lc\u00edm: 1221 Budapest, Tan\u00edt\u00f3 u. 15\/1a.<br \/>Telefon: +36\u00a0<span style=\"caret-color: #000000; color: #000000; font-style: normal; font-variant-caps: normal;\"><span dir=\"ltr\">20 333 0386<\/span><\/span><br \/>Email: info@promanconsulting.hu<br \/>Web: https:\/\/promanconsulting.hu<\/p>\n<p><!-- \/wp:heading --><\/p>\t\t\t\t\t\t\t\t<\/div>\n\t\t\t\t<\/div>\n\t\t\t\t\t<\/div>\n\t\t<\/div>\n\t\t\t\t\t<\/div>\n\t\t<\/section>\n\t\t\t\t<\/div>\n\t\t","protected":false},"excerpt":{"rendered":"<p>Impresszum A honlap tulajdonosa \u00e9s fenntart\u00f3ja: ProMan Consulting Kft.Sz\u00e9khely: 1221 Budapest, Tan\u00edt\u00f3 u. 15\/1a.Iroda: 1118 Budapest, Kelenhegyi \u00fat 29\/b.C\u00e9gjegyz\u00e9ksz\u00e1m: 01-09-293715Ad\u00f3sz\u00e1m: 25872448-2-43 El\u00e9rhet\u0151s\u00e9g: Lev\u00e9lc\u00edm: 1221 Budapest, Tan\u00edt\u00f3 u. 15\/1a.Telefon: +36\u00a020 333 0386Email: info@promanconsulting.huWeb: https:\/\/promanconsulting.hu<\/p>","protected":false},"author":2,"featured_media":0,"parent":0,"menu_order":0,"comment_status":"closed","ping_status":"open","template":"","meta":{"footnotes":""},"class_list":["post-1982","page","type-page","status-publish","hentry","entry"],"_links":{"self":[{"href":"https:\/\/promanconsulting.hu\/en\/wp-json\/wp\/v2\/pages\/1982","targetHints":{"allow":["GET"]}}],"collection":[{"href":"https:\/\/promanconsulting.hu\/en\/wp-json\/wp\/v2\/pages"}],"about":[{"href":"https:\/\/promanconsulting.hu\/en\/wp-json\/wp\/v2\/types\/page"}],"author":[{"embeddable":true,"href":"https:\/\/promanconsulting.hu\/en\/wp-json\/wp\/v2\/users\/2"}],"replies":[{"embeddable":true,"href":"https:\/\/promanconsulting.hu\/en\/wp-json\/wp\/v2\/comments?post=1982"}],"version-history":[{"count":22,"href":"https:\/\/promanconsulting.hu\/en\/wp-json\/wp\/v2\/pages\/1982\/revisions"}],"predecessor-version":[{"id":16025,"href":"https:\/\/promanconsulting.hu\/en\/wp-json\/wp\/v2\/pages\/1982\/revisions\/16025"}],"wp:attachment":[{"href":"https:\/\/promanconsulting.hu\/en\/wp-json\/wp\/v2\/media?parent=1982"}],"curies":[{"name":"wp","href":"https:\/\/api.w.org\/{rel}","templated":true}]}}