{"id":10829,"date":"2023-07-16T07:59:40","date_gmt":"2023-07-16T07:59:40","guid":{"rendered":"https:\/\/promanconsulting.hu\/?page_id=10829"},"modified":"2024-07-17T06:15:50","modified_gmt":"2024-07-17T06:15:50","slug":"licensed-cops","status":"publish","type":"page","link":"https:\/\/promanconsulting.hu\/en\/engedelyes-kepzesek\/","title":{"rendered":"Authorised training courses"},"content":{"rendered":"<div data-elementor-type=\"wp-page\" data-elementor-id=\"10829\" class=\"elementor elementor-10829\" data-elementor-settings=\"{&quot;ha_cmc_init_switcher&quot;:&quot;no&quot;}\" data-elementor-post-type=\"page\">\n\t\t\t\t\t\t<section class=\"elementor-section elementor-top-section elementor-element elementor-element-7dae172 elementor-section-boxed elementor-section-height-default elementor-section-height-default\" data-id=\"7dae172\" data-element_type=\"section\" data-e-type=\"section\" data-settings=\"{&quot;jet_parallax_layout_list&quot;:[],&quot;_ha_eqh_enable&quot;:false}\">\n\t\t\t\t\t\t<div class=\"elementor-container elementor-column-gap-default\">\n\t\t\t\t\t<div class=\"elementor-column elementor-col-100 elementor-top-column elementor-element elementor-element-a1ecc4f\" data-id=\"a1ecc4f\" data-element_type=\"column\" data-e-type=\"column\">\n\t\t\t<div class=\"elementor-widget-wrap elementor-element-populated\">\n\t\t\t\t\t\t<section class=\"elementor-section elementor-inner-section elementor-element elementor-element-05c3766 elementor-section-boxed elementor-section-height-default elementor-section-height-default\" data-id=\"05c3766\" data-element_type=\"section\" data-e-type=\"section\" data-settings=\"{&quot;jet_parallax_layout_list&quot;:[],&quot;_ha_eqh_enable&quot;:false}\">\n\t\t\t\t\t\t<div class=\"elementor-container elementor-column-gap-default\">\n\t\t\t\t\t<div class=\"elementor-column elementor-col-50 elementor-inner-column elementor-element elementor-element-efb1ca2\" data-id=\"efb1ca2\" data-element_type=\"column\" data-e-type=\"column\">\n\t\t\t<div class=\"elementor-widget-wrap\">\n\t\t\t\t\t\t\t<\/div>\n\t\t<\/div>\n\t\t\t\t<div class=\"elementor-column elementor-col-50 elementor-inner-column elementor-element elementor-element-6d8f9d4\" data-id=\"6d8f9d4\" data-element_type=\"column\" data-e-type=\"column\">\n\t\t\t<div class=\"elementor-widget-wrap\">\n\t\t\t\t\t\t\t<\/div>\n\t\t<\/div>\n\t\t\t\t\t<\/div>\n\t\t<\/section>\n\t\t\t\t<div class=\"elementor-element elementor-element-65bd7fb elementor-widget elementor-widget-heading\" data-id=\"65bd7fb\" data-element_type=\"widget\" data-e-type=\"widget\" data-widget_type=\"heading.default\">\n\t\t\t\t<div class=\"elementor-widget-container\">\n\t\t\t\t\t<h2 class=\"elementor-heading-title elementor-size-default\">Authorised training<\/h2>\t\t\t\t<\/div>\n\t\t\t\t<\/div>\n\t\t\t\t<div class=\"elementor-element elementor-element-2cf79aa elementor-widget elementor-widget-text-editor\" data-id=\"2cf79aa\" data-element_type=\"widget\" data-e-type=\"widget\" data-widget_type=\"text-editor.default\">\n\t\t\t\t<div class=\"elementor-widget-container\">\n\t\t\t\t\t\t\t\t\t<p>As a licensed adult education provider, we deliver training on the basis of a training programme. Licensed training is only provided on an outsourced, tailor-made basis. Please enquire about our training programmes on our central contact details, and we will send training programmes to our customers on request. In the case of \"tendered\" (e.g. GINOP) training courses that are to be accounted for by EU funding and\/or budget support, we develop the training programme according to individual needs and have it pre-certified by an adult education expert in accordance with the provisions of the Fktv.&nbsp;<\/p>\n<p><b>Authorised training list:<\/b><\/p>\n<ul>\n<li><a href=\"https:\/\/promanconsulting.hu\/wp-content\/uploads\/2024\/07\/Agilis-termekfejlesztes-kepzes_16ora-program.pdf\">Agile product development<\/a>&nbsp;- 16 hours<\/li>\n<li><a href=\"https:\/\/promanconsulting.hu\/wp-content\/uploads\/2024\/07\/Folymen_kepzesiadatlap.pdf\">Process approach and process management<\/a>&nbsp;- 20 hours<\/li>\n<li><a href=\"https:\/\/promanconsulting.hu\/wp-content\/uploads\/2024\/07\/TradPM_kepzesiadatlap_20ora.pdf\">Project management methodology training<\/a> - 20 hours<\/li>\n<li><a href=\"https:\/\/promanconsulting.hu\/wp-content\/uploads\/2024\/07\/PVSoft_Kepzesiadatlap_20ora.pdf\">Project management skill development training<\/a> - 20 hours<\/li>\n<li><a href=\"https:\/\/promanconsulting.hu\/wp-content\/uploads\/2024\/07\/ugyfelkapcsolat_ertekesites_20ora.pdf\">Customer relations and sales<\/a> - 20 hours<\/li>\n<li><a href=\"https:\/\/promanconsulting.hu\/wp-content\/uploads\/2024\/07\/SMAT_60ora_szakertoi_minosites.pdf\">Scrum Master and agile product development advanced skills<\/a> - 60 hours<\/li>\n<li><a href=\"https:\/\/promanconsulting.hu\/wp-content\/uploads\/2024\/07\/Design-Thinking-es-agilis-termekvalidacio-kepzes-ProMan-Consulting-Korlatolt-Felelossegu-Tarsasag-16-V2.pdf\">Design Thinking and agile product validation<\/a> - 16 hours<\/li>\n<\/ul>\n<p>Updated: 25.06.2024.<\/p>\t\t\t\t\t\t\t\t<\/div>\n\t\t\t\t<\/div>\n\t\t\t\t\t<\/div>\n\t\t<\/div>\n\t\t\t\t\t<\/div>\n\t\t<\/section>\n\t\t\t\t<\/div>","protected":false},"excerpt":{"rendered":"<p>Enged\u00e9lyezett k\u00e9pz\u00e9sek C\u00e9g\u00fcnk enged\u00e9lyezett feln\u0151ttk\u00e9pz\u0151k\u00e9nt a k\u00e9pz\u00e9seket k\u00e9pz\u00e9si program alapj\u00e1n val\u00f3s\u00edtja meg. Enged\u00e9lyhez k\u00f6t\u00f6tt k\u00e9pz\u00e9seket csak kihelyezett, testreszabott form\u00e1ban val\u00f3s\u00edtunk meg. K\u00e9pz\u00e9si programjainkkal kapcsolatban k\u00e9rj\u00fck \u00e9rdekl\u0151dj\u00f6n a k\u00f6zponti el\u00e9rhet\u0151s\u00e9geinken, k\u00e9r\u00e9sre a k\u00e9pz\u00e9si programokat megk\u00fcldj\u00fck \u00fcgyfeleinknek. Egyedi ig\u00e9nyek ment\u00e9n EU-s forr\u00e1s \u00e9s\/vagy k\u00f6lts\u00e9gvet\u00e9si t\u00e1mogat\u00e1s terh\u00e9re elsz\u00e1molni k\u00edv\u00e1nt &#8222;p\u00e1ly\u00e1zatos&#8221; (pl. GINOP) k\u00e9pz\u00e9sek eset\u00e9n a k\u00e9pz\u00e9si programot kialak\u00edtjuk, [&hellip;]<\/p>\n","protected":false},"author":5,"featured_media":0,"parent":0,"menu_order":0,"comment_status":"closed","ping_status":"closed","template":"","meta":{"footnotes":""},"class_list":["post-10829","page","type-page","status-publish","hentry","entry"],"_links":{"self":[{"href":"https:\/\/promanconsulting.hu\/en\/wp-json\/wp\/v2\/pages\/10829","targetHints":{"allow":["GET"]}}],"collection":[{"href":"https:\/\/promanconsulting.hu\/en\/wp-json\/wp\/v2\/pages"}],"about":[{"href":"https:\/\/promanconsulting.hu\/en\/wp-json\/wp\/v2\/types\/page"}],"author":[{"embeddable":true,"href":"https:\/\/promanconsulting.hu\/en\/wp-json\/wp\/v2\/users\/5"}],"replies":[{"embeddable":true,"href":"https:\/\/promanconsulting.hu\/en\/wp-json\/wp\/v2\/comments?post=10829"}],"version-history":[{"count":28,"href":"https:\/\/promanconsulting.hu\/en\/wp-json\/wp\/v2\/pages\/10829\/revisions"}],"predecessor-version":[{"id":10878,"href":"https:\/\/promanconsulting.hu\/en\/wp-json\/wp\/v2\/pages\/10829\/revisions\/10878"}],"wp:attachment":[{"href":"https:\/\/promanconsulting.hu\/en\/wp-json\/wp\/v2\/media?parent=10829"}],"curies":[{"name":"wp","href":"https:\/\/api.w.org\/{rel}","templated":true}]}}